{"id":2781,"date":"2023-05-31T11:10:27","date_gmt":"2023-05-31T11:10:27","guid":{"rendered":"https:\/\/staging-cs.com\/dr-hanan\/htdocs\/dr-hanan\/lieux\/centre-essential\/"},"modified":"2024-12-06T12:52:19","modified_gmt":"2024-12-06T12:52:19","slug":"centre-essential","status":"publish","type":"page","link":"https:\/\/drhananlyor.com\/en\/dr-hanan\/lieux\/centre-essential\/","title":{"rendered":"Centre Essential"},"content":{"rendered":"","protected":false},"excerpt":{"rendered":"","protected":false},"author":9,"featured_media":0,"parent":2552,"menu_order":0,"comment_status":"closed","ping_status":"closed","template":"page-templates\/InternalPage.php","meta":{"footnotes":""},"class_list":["post-2781","page","type-page","status-publish","hentry"],"acf":[],"yoast_head":"<!-- This site is optimized with the Yoast SEO plugin v23.2 - https:\/\/yoast.com\/wordpress\/plugins\/seo\/ -->\n<title>Centre essential | Chirurgie esth\u00e9tique | Dr Hanan | Paris<\/title>\n<meta name=\"description\" content=\"Sp\u00e9cialiste en m\u00e9decine et chirurgie esth\u00e9tique, le Docteur Lyor Hanan propose des solutions parfaitement adapt\u00e9es aux besoins de chacun de ses patients. D\u00e9couvrez le cabinet essential situ\u00e9 aux portes de Paris \u00e0 proximit\u00e9 de Val d&#039;Europe\" \/>\n<meta name=\"robots\" content=\"index, follow, max-snippet:-1, max-image-preview:large, max-video-preview:-1\" \/>\n<link rel=\"canonical\" href=\"https:\/\/drhananlyor.com\/en\/dr-hanan\/lieux\/centre-essential\/\" \/>\n<meta property=\"og:locale\" content=\"en_US\" \/>\n<meta property=\"og:type\" content=\"article\" \/>\n<meta property=\"og:title\" content=\"Centre essential | Chirurgie esth\u00e9tique | Dr Hanan | Paris\" \/>\n<meta property=\"og:description\" content=\"Sp\u00e9cialiste en m\u00e9decine et chirurgie esth\u00e9tique, le Docteur Lyor Hanan propose des solutions parfaitement adapt\u00e9es aux besoins de chacun de ses patients. D\u00e9couvrez le cabinet essential situ\u00e9 aux portes de Paris \u00e0 proximit\u00e9 de Val d&#039;Europe\" \/>\n<meta property=\"og:url\" content=\"https:\/\/drhananlyor.com\/en\/dr-hanan\/lieux\/centre-essential\/\" \/>\n<meta property=\"og:site_name\" content=\"Home\" \/>\n<meta property=\"article:modified_time\" content=\"2024-12-06T12:52:19+00:00\" \/>\n<meta name=\"twitter:card\" content=\"summary_large_image\" \/>\n<script type=\"application\/ld+json\" class=\"yoast-schema-graph\">{\"@context\":\"https:\/\/schema.org\",\"@graph\":[{\"@type\":\"WebPage\",\"@id\":\"https:\/\/drhananlyor.com\/en\/dr-hanan\/lieux\/centre-essential\/\",\"url\":\"https:\/\/drhananlyor.com\/en\/dr-hanan\/lieux\/centre-essential\/\",\"name\":\"Centre essential | Chirurgie esth\u00e9tique | Dr Hanan | Paris\",\"isPartOf\":{\"@id\":\"https:\/\/drhananlyor.com\/#website\"},\"datePublished\":\"2023-05-31T11:10:27+00:00\",\"dateModified\":\"2024-12-06T12:52:19+00:00\",\"description\":\"Sp\u00e9cialiste en m\u00e9decine et chirurgie esth\u00e9tique, le Docteur Lyor Hanan propose des solutions parfaitement adapt\u00e9es aux besoins de chacun de ses patients. D\u00e9couvrez le cabinet essential situ\u00e9 aux portes de Paris \u00e0 proximit\u00e9 de Val d'Europe\",\"breadcrumb\":{\"@id\":\"https:\/\/drhananlyor.com\/en\/dr-hanan\/lieux\/centre-essential\/#breadcrumb\"},\"inLanguage\":\"en-US\",\"potentialAction\":[{\"@type\":\"ReadAction\",\"target\":[\"https:\/\/drhananlyor.com\/en\/dr-hanan\/lieux\/centre-essential\/\"]}]},{\"@type\":\"BreadcrumbList\",\"@id\":\"https:\/\/drhananlyor.com\/en\/dr-hanan\/lieux\/centre-essential\/#breadcrumb\",\"itemListElement\":[{\"@type\":\"ListItem\",\"position\":1,\"name\":\"Home\",\"item\":\"https:\/\/drhananlyor.com\/en\/\"},{\"@type\":\"ListItem\",\"position\":2,\"name\":\"Dr Hanan\",\"item\":\"https:\/\/drhananlyor.com\/en\/dr-hanan\/\"},{\"@type\":\"ListItem\",\"position\":3,\"name\":\"Places\",\"item\":\"https:\/\/drhananlyor.com\/en\/dr-hanan\/lieux\/\"},{\"@type\":\"ListItem\",\"position\":4,\"name\":\"Centre Essential\"}]},{\"@type\":\"WebSite\",\"@id\":\"https:\/\/drhananlyor.com\/#website\",\"url\":\"https:\/\/drhananlyor.com\/\",\"name\":\"Home\",\"description\":\"\",\"potentialAction\":[{\"@type\":\"SearchAction\",\"target\":{\"@type\":\"EntryPoint\",\"urlTemplate\":\"https:\/\/drhananlyor.com\/?s={search_term_string}\"},\"query-input\":\"required name=search_term_string\"}],\"inLanguage\":\"en-US\"}]}<\/script>\n<!-- \/ Yoast SEO plugin. -->","yoast_head_json":{"title":"Centre essential | Chirurgie esth\u00e9tique | Dr Hanan | Paris","description":"Sp\u00e9cialiste en m\u00e9decine et chirurgie esth\u00e9tique, le Docteur Lyor Hanan propose des solutions parfaitement adapt\u00e9es aux besoins de chacun de ses patients. D\u00e9couvrez le cabinet essential situ\u00e9 aux portes de Paris \u00e0 proximit\u00e9 de Val d'Europe","robots":{"index":"index","follow":"follow","max-snippet":"max-snippet:-1","max-image-preview":"max-image-preview:large","max-video-preview":"max-video-preview:-1"},"canonical":"https:\/\/drhananlyor.com\/en\/dr-hanan\/lieux\/centre-essential\/","og_locale":"en_US","og_type":"article","og_title":"Centre essential | Chirurgie esth\u00e9tique | Dr Hanan | Paris","og_description":"Sp\u00e9cialiste en m\u00e9decine et chirurgie esth\u00e9tique, le Docteur Lyor Hanan propose des solutions parfaitement adapt\u00e9es aux besoins de chacun de ses patients. D\u00e9couvrez le cabinet essential situ\u00e9 aux portes de Paris \u00e0 proximit\u00e9 de Val d'Europe","og_url":"https:\/\/drhananlyor.com\/en\/dr-hanan\/lieux\/centre-essential\/","og_site_name":"Home","article_modified_time":"2024-12-06T12:52:19+00:00","twitter_card":"summary_large_image","schema":{"@context":"https:\/\/schema.org","@graph":[{"@type":"WebPage","@id":"https:\/\/drhananlyor.com\/en\/dr-hanan\/lieux\/centre-essential\/","url":"https:\/\/drhananlyor.com\/en\/dr-hanan\/lieux\/centre-essential\/","name":"Centre essential | Chirurgie esth\u00e9tique | Dr Hanan | Paris","isPartOf":{"@id":"https:\/\/drhananlyor.com\/#website"},"datePublished":"2023-05-31T11:10:27+00:00","dateModified":"2024-12-06T12:52:19+00:00","description":"Sp\u00e9cialiste en m\u00e9decine et chirurgie esth\u00e9tique, le Docteur Lyor Hanan propose des solutions parfaitement adapt\u00e9es aux besoins de chacun de ses patients. D\u00e9couvrez le cabinet essential situ\u00e9 aux portes de Paris \u00e0 proximit\u00e9 de Val d'Europe","breadcrumb":{"@id":"https:\/\/drhananlyor.com\/en\/dr-hanan\/lieux\/centre-essential\/#breadcrumb"},"inLanguage":"en-US","potentialAction":[{"@type":"ReadAction","target":["https:\/\/drhananlyor.com\/en\/dr-hanan\/lieux\/centre-essential\/"]}]},{"@type":"BreadcrumbList","@id":"https:\/\/drhananlyor.com\/en\/dr-hanan\/lieux\/centre-essential\/#breadcrumb","itemListElement":[{"@type":"ListItem","position":1,"name":"Home","item":"https:\/\/drhananlyor.com\/en\/"},{"@type":"ListItem","position":2,"name":"Dr Hanan","item":"https:\/\/drhananlyor.com\/en\/dr-hanan\/"},{"@type":"ListItem","position":3,"name":"Places","item":"https:\/\/drhananlyor.com\/en\/dr-hanan\/lieux\/"},{"@type":"ListItem","position":4,"name":"Centre Essential"}]},{"@type":"WebSite","@id":"https:\/\/drhananlyor.com\/#website","url":"https:\/\/drhananlyor.com\/","name":"Home","description":"","potentialAction":[{"@type":"SearchAction","target":{"@type":"EntryPoint","urlTemplate":"https:\/\/drhananlyor.com\/?s={search_term_string}"},"query-input":"required name=search_term_string"}],"inLanguage":"en-US"}]}},"_links":{"self":[{"href":"https:\/\/drhananlyor.com\/en\/wp-json\/wp\/v2\/pages\/2781"}],"collection":[{"href":"https:\/\/drhananlyor.com\/en\/wp-json\/wp\/v2\/pages"}],"about":[{"href":"https:\/\/drhananlyor.com\/en\/wp-json\/wp\/v2\/types\/page"}],"author":[{"embeddable":true,"href":"https:\/\/drhananlyor.com\/en\/wp-json\/wp\/v2\/users\/9"}],"replies":[{"embeddable":true,"href":"https:\/\/drhananlyor.com\/en\/wp-json\/wp\/v2\/comments?post=2781"}],"version-history":[{"count":1,"href":"https:\/\/drhananlyor.com\/en\/wp-json\/wp\/v2\/pages\/2781\/revisions"}],"predecessor-version":[{"id":2782,"href":"https:\/\/drhananlyor.com\/en\/wp-json\/wp\/v2\/pages\/2781\/revisions\/2782"}],"up":[{"embeddable":true,"href":"https:\/\/drhananlyor.com\/en\/wp-json\/wp\/v2\/pages\/2552"}],"wp:attachment":[{"href":"https:\/\/drhananlyor.com\/en\/wp-json\/wp\/v2\/media?parent=2781"}],"curies":[{"name":"wp","href":"https:\/\/api.w.org\/{rel}","templated":true}]}}