{"id":2743,"date":"2024-12-05T15:39:40","date_gmt":"2024-12-05T15:39:40","guid":{"rendered":"https:\/\/staging-cs.com\/dr-hanan\/htdocs\/?page_id=2743"},"modified":"2024-12-05T15:39:40","modified_gmt":"2024-12-05T15:39:40","slug":"filler-dissolving","status":"publish","type":"page","link":"https:\/\/drhananlyor.com\/en\/filler-dissolving\/","title":{"rendered":"Filler Dissolving"},"content":{"rendered":"","protected":false},"excerpt":{"rendered":"","protected":false},"author":14,"featured_media":0,"parent":0,"menu_order":0,"comment_status":"open","ping_status":"closed","template":"page-templates\/InternalPage.php","meta":{"footnotes":""},"class_list":["post-2743","page","type-page","status-publish","hentry"],"acf":[],"yoast_head":"<!-- This site is optimized with the Yoast SEO plugin v23.2 - https:\/\/yoast.com\/wordpress\/plugins\/seo\/ -->\n<title>Injection Botox sourcil \u00e0 Paris | M\u00e9decine esth\u00e9tique | Dr Lyor Hanan<\/title>\n<meta name=\"description\" content=\"Avec le temps, la queue du sourcil tend \u00e0 s&#039;affaisser infligeant au visage un air fatigu\u00e9. Il est possible de rajeunir le visage sans chirurgie gr\u00e2ce \u00e0 la toxine botulique. D\u00e9couvrez les tarifs des injections de Botox au cabinet de Paris\" \/>\n<meta name=\"robots\" content=\"index, follow, max-snippet:-1, max-image-preview:large, max-video-preview:-1\" \/>\n<link rel=\"canonical\" href=\"https:\/\/drhananlyor.com\/en\/filler-dissolving\/\" \/>\n<meta property=\"og:locale\" content=\"en_US\" \/>\n<meta property=\"og:type\" content=\"article\" \/>\n<meta property=\"og:title\" content=\"Injection Botox sourcil \u00e0 Paris | M\u00e9decine esth\u00e9tique | Dr Lyor Hanan\" \/>\n<meta property=\"og:description\" content=\"Avec le temps, la queue du sourcil tend \u00e0 s&#039;affaisser infligeant au visage un air fatigu\u00e9. Il est possible de rajeunir le visage sans chirurgie gr\u00e2ce \u00e0 la toxine botulique. D\u00e9couvrez les tarifs des injections de Botox au cabinet de Paris\" \/>\n<meta property=\"og:url\" content=\"https:\/\/drhananlyor.com\/en\/filler-dissolving\/\" \/>\n<meta property=\"og:site_name\" content=\"Home\" \/>\n<meta name=\"twitter:card\" content=\"summary_large_image\" \/>\n<script type=\"application\/ld+json\" class=\"yoast-schema-graph\">{\"@context\":\"https:\/\/schema.org\",\"@graph\":[{\"@type\":\"WebPage\",\"@id\":\"https:\/\/drhananlyor.com\/en\/filler-dissolving\/\",\"url\":\"https:\/\/drhananlyor.com\/en\/filler-dissolving\/\",\"name\":\"Injection Botox sourcil \u00e0 Paris | M\u00e9decine esth\u00e9tique | Dr Lyor Hanan\",\"isPartOf\":{\"@id\":\"https:\/\/drhananlyor.com\/#website\"},\"datePublished\":\"2024-12-05T15:39:40+00:00\",\"dateModified\":\"2024-12-05T15:39:40+00:00\",\"description\":\"Avec le temps, la queue du sourcil tend \u00e0 s'affaisser infligeant au visage un air fatigu\u00e9. Il est possible de rajeunir le visage sans chirurgie gr\u00e2ce \u00e0 la toxine botulique. D\u00e9couvrez les tarifs des injections de Botox au cabinet de Paris\",\"breadcrumb\":{\"@id\":\"https:\/\/drhananlyor.com\/en\/filler-dissolving\/#breadcrumb\"},\"inLanguage\":\"en-US\",\"potentialAction\":[{\"@type\":\"ReadAction\",\"target\":[\"https:\/\/drhananlyor.com\/en\/filler-dissolving\/\"]}]},{\"@type\":\"BreadcrumbList\",\"@id\":\"https:\/\/drhananlyor.com\/en\/filler-dissolving\/#breadcrumb\",\"itemListElement\":[{\"@type\":\"ListItem\",\"position\":1,\"name\":\"Home\",\"item\":\"https:\/\/drhananlyor.com\/en\/\"},{\"@type\":\"ListItem\",\"position\":2,\"name\":\"Filler Dissolving\"}]},{\"@type\":\"WebSite\",\"@id\":\"https:\/\/drhananlyor.com\/#website\",\"url\":\"https:\/\/drhananlyor.com\/\",\"name\":\"Home\",\"description\":\"\",\"potentialAction\":[{\"@type\":\"SearchAction\",\"target\":{\"@type\":\"EntryPoint\",\"urlTemplate\":\"https:\/\/drhananlyor.com\/?s={search_term_string}\"},\"query-input\":\"required name=search_term_string\"}],\"inLanguage\":\"en-US\"}]}<\/script>\n<!-- \/ Yoast SEO plugin. -->","yoast_head_json":{"title":"Injection Botox sourcil \u00e0 Paris | M\u00e9decine esth\u00e9tique | Dr Lyor Hanan","description":"Avec le temps, la queue du sourcil tend \u00e0 s'affaisser infligeant au visage un air fatigu\u00e9. Il est possible de rajeunir le visage sans chirurgie gr\u00e2ce \u00e0 la toxine botulique. D\u00e9couvrez les tarifs des injections de Botox au cabinet de Paris","robots":{"index":"index","follow":"follow","max-snippet":"max-snippet:-1","max-image-preview":"max-image-preview:large","max-video-preview":"max-video-preview:-1"},"canonical":"https:\/\/drhananlyor.com\/en\/filler-dissolving\/","og_locale":"en_US","og_type":"article","og_title":"Injection Botox sourcil \u00e0 Paris | M\u00e9decine esth\u00e9tique | Dr Lyor Hanan","og_description":"Avec le temps, la queue du sourcil tend \u00e0 s'affaisser infligeant au visage un air fatigu\u00e9. Il est possible de rajeunir le visage sans chirurgie gr\u00e2ce \u00e0 la toxine botulique. D\u00e9couvrez les tarifs des injections de Botox au cabinet de Paris","og_url":"https:\/\/drhananlyor.com\/en\/filler-dissolving\/","og_site_name":"Home","twitter_card":"summary_large_image","schema":{"@context":"https:\/\/schema.org","@graph":[{"@type":"WebPage","@id":"https:\/\/drhananlyor.com\/en\/filler-dissolving\/","url":"https:\/\/drhananlyor.com\/en\/filler-dissolving\/","name":"Injection Botox sourcil \u00e0 Paris | M\u00e9decine esth\u00e9tique | Dr Lyor Hanan","isPartOf":{"@id":"https:\/\/drhananlyor.com\/#website"},"datePublished":"2024-12-05T15:39:40+00:00","dateModified":"2024-12-05T15:39:40+00:00","description":"Avec le temps, la queue du sourcil tend \u00e0 s'affaisser infligeant au visage un air fatigu\u00e9. Il est possible de rajeunir le visage sans chirurgie gr\u00e2ce \u00e0 la toxine botulique. D\u00e9couvrez les tarifs des injections de Botox au cabinet de Paris","breadcrumb":{"@id":"https:\/\/drhananlyor.com\/en\/filler-dissolving\/#breadcrumb"},"inLanguage":"en-US","potentialAction":[{"@type":"ReadAction","target":["https:\/\/drhananlyor.com\/en\/filler-dissolving\/"]}]},{"@type":"BreadcrumbList","@id":"https:\/\/drhananlyor.com\/en\/filler-dissolving\/#breadcrumb","itemListElement":[{"@type":"ListItem","position":1,"name":"Home","item":"https:\/\/drhananlyor.com\/en\/"},{"@type":"ListItem","position":2,"name":"Filler Dissolving"}]},{"@type":"WebSite","@id":"https:\/\/drhananlyor.com\/#website","url":"https:\/\/drhananlyor.com\/","name":"Home","description":"","potentialAction":[{"@type":"SearchAction","target":{"@type":"EntryPoint","urlTemplate":"https:\/\/drhananlyor.com\/?s={search_term_string}"},"query-input":"required name=search_term_string"}],"inLanguage":"en-US"}]}},"_links":{"self":[{"href":"https:\/\/drhananlyor.com\/en\/wp-json\/wp\/v2\/pages\/2743"}],"collection":[{"href":"https:\/\/drhananlyor.com\/en\/wp-json\/wp\/v2\/pages"}],"about":[{"href":"https:\/\/drhananlyor.com\/en\/wp-json\/wp\/v2\/types\/page"}],"author":[{"embeddable":true,"href":"https:\/\/drhananlyor.com\/en\/wp-json\/wp\/v2\/users\/14"}],"replies":[{"embeddable":true,"href":"https:\/\/drhananlyor.com\/en\/wp-json\/wp\/v2\/comments?post=2743"}],"version-history":[{"count":1,"href":"https:\/\/drhananlyor.com\/en\/wp-json\/wp\/v2\/pages\/2743\/revisions"}],"predecessor-version":[{"id":2744,"href":"https:\/\/drhananlyor.com\/en\/wp-json\/wp\/v2\/pages\/2743\/revisions\/2744"}],"wp:attachment":[{"href":"https:\/\/drhananlyor.com\/en\/wp-json\/wp\/v2\/media?parent=2743"}],"curies":[{"name":"wp","href":"https:\/\/api.w.org\/{rel}","templated":true}]}}