{"id":2552,"date":"2023-03-10T15:25:03","date_gmt":"2023-03-10T15:25:03","guid":{"rendered":"https:\/\/staging-cs.com\/dr-hanan\/htdocs\/dr-hanan\/lieux\/"},"modified":"2025-01-13T16:51:28","modified_gmt":"2025-01-13T16:51:28","slug":"lieux","status":"publish","type":"page","link":"https:\/\/drhananlyor.com\/en\/dr-hanan\/lieux\/","title":{"rendered":"Places"},"content":{"rendered":"","protected":false},"excerpt":{"rendered":"","protected":false},"author":1,"featured_media":0,"parent":2259,"menu_order":0,"comment_status":"open","ping_status":"open","template":"page-templates\/InternalPage.php","meta":{"footnotes":""},"class_list":["post-2552","page","type-page","status-publish","hentry"],"acf":[],"yoast_head":"<!-- This site is optimized with the Yoast SEO plugin v23.2 - https:\/\/yoast.com\/wordpress\/plugins\/seo\/ -->\n<title>Lieux de consultation | Chirurgie esth\u00e9tique | Dr Hanan | Paris<\/title>\n<meta name=\"description\" content=\"M\u00e9decin et chirurgien esth\u00e9tique, le Docteur Lyor Hanan vous accueil\u00a0dans ses diff\u00e9rents lieux de consultations \u00e0 Paris,\u00a0Marne-la-Vall\u00e9e et Boulogne-Billancourt. D\u00e9couvrez les actes et tarifs de ses consultations\u00a0\" \/>\n<meta name=\"robots\" content=\"index, follow, max-snippet:-1, max-image-preview:large, max-video-preview:-1\" \/>\n<link rel=\"canonical\" href=\"https:\/\/drhananlyor.com\/en\/dr-hanan\/lieux\/\" \/>\n<meta property=\"og:locale\" content=\"en_US\" \/>\n<meta property=\"og:type\" content=\"article\" \/>\n<meta property=\"og:title\" content=\"Lieux de consultation | Chirurgie esth\u00e9tique | Dr Hanan | Paris\" \/>\n<meta property=\"og:description\" content=\"M\u00e9decin et chirurgien esth\u00e9tique, le Docteur Lyor Hanan vous accueil\u00a0dans ses diff\u00e9rents lieux de consultations \u00e0 Paris,\u00a0Marne-la-Vall\u00e9e et Boulogne-Billancourt. D\u00e9couvrez les actes et tarifs de ses consultations\u00a0\" \/>\n<meta property=\"og:url\" content=\"https:\/\/drhananlyor.com\/en\/dr-hanan\/lieux\/\" \/>\n<meta property=\"og:site_name\" content=\"Home\" \/>\n<meta property=\"article:modified_time\" content=\"2025-01-13T16:51:28+00:00\" \/>\n<meta name=\"twitter:card\" content=\"summary_large_image\" \/>\n<script type=\"application\/ld+json\" class=\"yoast-schema-graph\">{\"@context\":\"https:\/\/schema.org\",\"@graph\":[{\"@type\":\"WebPage\",\"@id\":\"https:\/\/drhananlyor.com\/en\/dr-hanan\/lieux\/\",\"url\":\"https:\/\/drhananlyor.com\/en\/dr-hanan\/lieux\/\",\"name\":\"Lieux de consultation | Chirurgie esth\u00e9tique | Dr Hanan | Paris\",\"isPartOf\":{\"@id\":\"https:\/\/drhananlyor.com\/#website\"},\"datePublished\":\"2023-03-10T15:25:03+00:00\",\"dateModified\":\"2025-01-13T16:51:28+00:00\",\"description\":\"M\u00e9decin et chirurgien esth\u00e9tique, le Docteur Lyor Hanan vous accueil\u00a0dans ses diff\u00e9rents lieux de consultations \u00e0 Paris,\u00a0Marne-la-Vall\u00e9e et Boulogne-Billancourt. D\u00e9couvrez les actes et tarifs de ses consultations\u00a0\",\"breadcrumb\":{\"@id\":\"https:\/\/drhananlyor.com\/en\/dr-hanan\/lieux\/#breadcrumb\"},\"inLanguage\":\"en-US\",\"potentialAction\":[{\"@type\":\"ReadAction\",\"target\":[\"https:\/\/drhananlyor.com\/en\/dr-hanan\/lieux\/\"]}]},{\"@type\":\"BreadcrumbList\",\"@id\":\"https:\/\/drhananlyor.com\/en\/dr-hanan\/lieux\/#breadcrumb\",\"itemListElement\":[{\"@type\":\"ListItem\",\"position\":1,\"name\":\"Home\",\"item\":\"https:\/\/drhananlyor.com\/en\/\"},{\"@type\":\"ListItem\",\"position\":2,\"name\":\"Dr Hanan\",\"item\":\"https:\/\/drhananlyor.com\/en\/dr-hanan\/\"},{\"@type\":\"ListItem\",\"position\":3,\"name\":\"Places\"}]},{\"@type\":\"WebSite\",\"@id\":\"https:\/\/drhananlyor.com\/#website\",\"url\":\"https:\/\/drhananlyor.com\/\",\"name\":\"Home\",\"description\":\"\",\"potentialAction\":[{\"@type\":\"SearchAction\",\"target\":{\"@type\":\"EntryPoint\",\"urlTemplate\":\"https:\/\/drhananlyor.com\/?s={search_term_string}\"},\"query-input\":\"required name=search_term_string\"}],\"inLanguage\":\"en-US\"}]}<\/script>\n<!-- \/ Yoast SEO plugin. -->","yoast_head_json":{"title":"Lieux de consultation | Chirurgie esth\u00e9tique | Dr Hanan | Paris","description":"M\u00e9decin et chirurgien esth\u00e9tique, le Docteur Lyor Hanan vous accueil\u00a0dans ses diff\u00e9rents lieux de consultations \u00e0 Paris,\u00a0Marne-la-Vall\u00e9e et Boulogne-Billancourt. D\u00e9couvrez les actes et tarifs de ses consultations\u00a0","robots":{"index":"index","follow":"follow","max-snippet":"max-snippet:-1","max-image-preview":"max-image-preview:large","max-video-preview":"max-video-preview:-1"},"canonical":"https:\/\/drhananlyor.com\/en\/dr-hanan\/lieux\/","og_locale":"en_US","og_type":"article","og_title":"Lieux de consultation | Chirurgie esth\u00e9tique | Dr Hanan | Paris","og_description":"M\u00e9decin et chirurgien esth\u00e9tique, le Docteur Lyor Hanan vous accueil\u00a0dans ses diff\u00e9rents lieux de consultations \u00e0 Paris,\u00a0Marne-la-Vall\u00e9e et Boulogne-Billancourt. D\u00e9couvrez les actes et tarifs de ses consultations\u00a0","og_url":"https:\/\/drhananlyor.com\/en\/dr-hanan\/lieux\/","og_site_name":"Home","article_modified_time":"2025-01-13T16:51:28+00:00","twitter_card":"summary_large_image","schema":{"@context":"https:\/\/schema.org","@graph":[{"@type":"WebPage","@id":"https:\/\/drhananlyor.com\/en\/dr-hanan\/lieux\/","url":"https:\/\/drhananlyor.com\/en\/dr-hanan\/lieux\/","name":"Lieux de consultation | Chirurgie esth\u00e9tique | Dr Hanan | Paris","isPartOf":{"@id":"https:\/\/drhananlyor.com\/#website"},"datePublished":"2023-03-10T15:25:03+00:00","dateModified":"2025-01-13T16:51:28+00:00","description":"M\u00e9decin et chirurgien esth\u00e9tique, le Docteur Lyor Hanan vous accueil\u00a0dans ses diff\u00e9rents lieux de consultations \u00e0 Paris,\u00a0Marne-la-Vall\u00e9e et Boulogne-Billancourt. D\u00e9couvrez les actes et tarifs de ses consultations\u00a0","breadcrumb":{"@id":"https:\/\/drhananlyor.com\/en\/dr-hanan\/lieux\/#breadcrumb"},"inLanguage":"en-US","potentialAction":[{"@type":"ReadAction","target":["https:\/\/drhananlyor.com\/en\/dr-hanan\/lieux\/"]}]},{"@type":"BreadcrumbList","@id":"https:\/\/drhananlyor.com\/en\/dr-hanan\/lieux\/#breadcrumb","itemListElement":[{"@type":"ListItem","position":1,"name":"Home","item":"https:\/\/drhananlyor.com\/en\/"},{"@type":"ListItem","position":2,"name":"Dr Hanan","item":"https:\/\/drhananlyor.com\/en\/dr-hanan\/"},{"@type":"ListItem","position":3,"name":"Places"}]},{"@type":"WebSite","@id":"https:\/\/drhananlyor.com\/#website","url":"https:\/\/drhananlyor.com\/","name":"Home","description":"","potentialAction":[{"@type":"SearchAction","target":{"@type":"EntryPoint","urlTemplate":"https:\/\/drhananlyor.com\/?s={search_term_string}"},"query-input":"required name=search_term_string"}],"inLanguage":"en-US"}]}},"_links":{"self":[{"href":"https:\/\/drhananlyor.com\/en\/wp-json\/wp\/v2\/pages\/2552"}],"collection":[{"href":"https:\/\/drhananlyor.com\/en\/wp-json\/wp\/v2\/pages"}],"about":[{"href":"https:\/\/drhananlyor.com\/en\/wp-json\/wp\/v2\/types\/page"}],"author":[{"embeddable":true,"href":"https:\/\/drhananlyor.com\/en\/wp-json\/wp\/v2\/users\/1"}],"replies":[{"embeddable":true,"href":"https:\/\/drhananlyor.com\/en\/wp-json\/wp\/v2\/comments?post=2552"}],"version-history":[{"count":6,"href":"https:\/\/drhananlyor.com\/en\/wp-json\/wp\/v2\/pages\/2552\/revisions"}],"predecessor-version":[{"id":2942,"href":"https:\/\/drhananlyor.com\/en\/wp-json\/wp\/v2\/pages\/2552\/revisions\/2942"}],"up":[{"embeddable":true,"href":"https:\/\/drhananlyor.com\/en\/wp-json\/wp\/v2\/pages\/2259"}],"wp:attachment":[{"href":"https:\/\/drhananlyor.com\/en\/wp-json\/wp\/v2\/media?parent=2552"}],"curies":[{"name":"wp","href":"https:\/\/api.w.org\/{rel}","templated":true}]}}